{"id":26403,"date":"2012-11-12T05:29:35","date_gmt":"2012-11-12T05:29:35","guid":{"rendered":"https:\/\/champlain-manoir.org\/nos-genereux-donateurs\/"},"modified":"2026-01-14T11:34:34","modified_gmt":"2026-01-14T16:34:34","slug":"nos-genereux-donateurs","status":"publish","type":"page","link":"https:\/\/champlain-manoir.org\/en\/nos-genereux-donateurs\/","title":{"rendered":"Our generous donors"},"content":{"rendered":"<div class=\"fusion-fullwidth fullwidth-box fusion-builder-row-1 fusion-flex-container has-pattern-background has-mask-background nonhundred-percent-fullwidth non-hundred-percent-height-scrolling\" style=\"--awb-border-radius-top-left:0px;--awb-border-radius-top-right:0px;--awb-border-radius-bottom-right:0px;--awb-border-radius-bottom-left:0px;--awb-padding-top:5vw;--awb-padding-bottom:5vw;--awb-flex-wrap:wrap;\" ><div class=\"fusion-builder-row fusion-row fusion-flex-align-items-stretch fusion-flex-justify-content-center fusion-flex-content-wrap\" style=\"max-width:1352px;margin-left: calc(-4% \/ 2 );margin-right: calc(-4% \/ 2 );\"><div class=\"fusion-layout-column fusion_builder_column fusion-builder-column-0 fusion_builder_column_1_1 1_1 fusion-flex-column\" style=\"--awb-padding-right:7vw;--awb-padding-left:7vw;--awb-bg-size:cover;--awb-width-large:100%;--awb-margin-top-large:0px;--awb-spacing-right-large:1.92%;--awb-margin-bottom-large:50px;--awb-spacing-left-large:1.92%;--awb-width-medium:100%;--awb-order-medium:0;--awb-spacing-right-medium:1.92%;--awb-spacing-left-medium:1.92%;--awb-width-small:100%;--awb-order-small:0;--awb-spacing-right-small:1.92%;--awb-spacing-left-small:1.92%;\"><div class=\"fusion-column-wrapper fusion-column-has-shadow fusion-flex-justify-content-flex-start fusion-content-layout-column\"><div class=\"fusion-title title fusion-title-1 fusion-sep-none fusion-title-center fusion-title-text fusion-title-size-two\" style=\"--awb-text-color:var(--awb-color8);--awb-margin-top-small:10px;--awb-margin-right-small:0px;--awb-margin-bottom-small:10px;--awb-margin-left-small:0px;\"><h2 class=\"fusion-title-heading title-heading-center fusion-responsive-typography-calculated\" style=\"font-family:&quot;Inter&quot;;font-style:normal;font-weight:400;margin:0;--fontSize:48;line-height:var(--awb-typography1-line-height);\">Our generous <strong>donors<\/strong><\/h2><\/div><div class=\"fusion-text fusion-text-1 fusion-text-no-margin\" style=\"--awb-content-alignment:center;--awb-font-size:20px;--awb-text-color:var(--awb-color4);--awb-margin-bottom:0px;--awb-text-font-family:&quot;Raleway&quot;;--awb-text-font-style:normal;--awb-text-font-weight:400;\"><p><strong>Behind every name is a gesture of solidarity.<\/strong><\/p>\n<\/div><div class=\"fusion-text fusion-text-2\" style=\"--awb-content-alignment:center;--awb-font-size:20px;--awb-text-color:var(--awb-color8);--awb-margin-top:0px;--awb-text-font-family:&quot;Raleway&quot;;--awb-text-font-style:normal;--awb-text-font-weight:400;\"><p>We would like to express our sincere gratitude to all the individuals and organizations that support the Foundation and contribute to improving the daily lives of residents.<\/p>\n<\/div><\/div><\/div><div class=\"fusion-layout-column fusion_builder_column fusion-builder-column-1 fusion_builder_column_2_3 2_3 fusion-flex-column fusion-animated\" style=\"--awb-padding-top:3vw;--awb-padding-right:5vw;--awb-padding-bottom:3vw;--awb-padding-left:5vw;--awb-overflow:hidden;--awb-bg-color:rgba(16,108,183,0.3);--awb-bg-color-hover:rgba(16,108,183,0.3);--awb-bg-size:cover;--awb-border-radius:5px 50px 5px 5px;--awb-width-large:66.666666666667%;--awb-margin-top-large:0px;--awb-spacing-right-large:2.88%;--awb-margin-bottom-large:20px;--awb-spacing-left-large:2.88%;--awb-width-medium:66.666666666667%;--awb-order-medium:0;--awb-spacing-right-medium:2.88%;--awb-spacing-left-medium:2.88%;--awb-width-small:100%;--awb-order-small:0;--awb-spacing-right-small:1.92%;--awb-spacing-left-small:1.92%;\" data-animationType=\"fadeIn\" data-animationDuration=\"1.0\" data-animationOffset=\"top-into-view\"><div class=\"fusion-column-wrapper fusion-column-has-shadow fusion-flex-justify-content-flex-start fusion-content-layout-column\"><div class=\"fusion-text fusion-text-3\" style=\"--awb-content-alignment:left;--awb-font-size:19px;--awb-line-height:1.9;--awb-text-color:var(--awb-color8);\"><h4><strong>Partner<\/strong><\/h4>\n<ul>\n<li>Clinique M\u00e9dicale Physergo du Sud-Ouest<\/li>\n<li>JBJ Fortin Foundation<\/li>\n<\/ul>\n<\/div><\/div><\/div><div class=\"fusion-layout-column fusion_builder_column fusion-builder-column-2 fusion_builder_column_2_3 2_3 fusion-flex-column fusion-animated\" style=\"--awb-padding-top:3vw;--awb-padding-right:5vw;--awb-padding-bottom:3vw;--awb-padding-left:5vw;--awb-overflow:hidden;--awb-bg-color:rgba(0,159,147,0.3);--awb-bg-color-hover:rgba(0,159,147,0.3);--awb-bg-size:cover;--awb-border-radius:5px 50px 5px 5px;--awb-width-large:66.666666666667%;--awb-margin-top-large:0px;--awb-spacing-right-large:2.88%;--awb-margin-bottom-large:20px;--awb-spacing-left-large:2.88%;--awb-width-medium:66.666666666667%;--awb-order-medium:0;--awb-spacing-right-medium:2.88%;--awb-spacing-left-medium:2.88%;--awb-width-small:100%;--awb-order-small:0;--awb-spacing-right-small:1.92%;--awb-spacing-left-small:1.92%;\" data-animationType=\"fadeIn\" data-animationDuration=\"1.0\" data-animationOffset=\"top-into-view\"><div class=\"fusion-column-wrapper fusion-column-has-shadow fusion-flex-justify-content-flex-start fusion-content-layout-column\"><div class=\"fusion-text fusion-text-4\" style=\"--awb-content-alignment:left;--awb-font-size:19px;--awb-line-height:1.9;--awb-text-color:var(--awb-color8);\"><h4><strong>Philanthropist<\/strong><\/h4>\n<ul>\n<li>Caisse Desjardins de l&#8217;Ile-des-S\u0153urs-Verdun<\/li>\n<li>Charest, Marie-Michelle<\/li>\n<li>Property management Luc Maurice<\/li>\n<\/ul>\n<\/div><\/div><\/div><div class=\"fusion-layout-column fusion_builder_column fusion-builder-column-3 fusion_builder_column_2_3 2_3 fusion-flex-column fusion-animated\" style=\"--awb-padding-top:3vw;--awb-padding-right:5vw;--awb-padding-bottom:3vw;--awb-padding-left:5vw;--awb-overflow:hidden;--awb-bg-color:rgba(117,153,183,0.3);--awb-bg-color-hover:rgba(117,153,183,0.3);--awb-bg-size:cover;--awb-border-radius:5px 50px 5px 5px;--awb-width-large:66.666666666667%;--awb-margin-top-large:0px;--awb-spacing-right-large:2.88%;--awb-margin-bottom-large:20px;--awb-spacing-left-large:2.88%;--awb-width-medium:66.666666666667%;--awb-order-medium:0;--awb-spacing-right-medium:2.88%;--awb-spacing-left-medium:2.88%;--awb-width-small:100%;--awb-order-small:0;--awb-spacing-right-small:1.92%;--awb-spacing-left-small:1.92%;\" data-animationType=\"fadeIn\" data-animationDuration=\"1.0\" data-animationOffset=\"top-into-view\"><div class=\"fusion-column-wrapper fusion-column-has-shadow fusion-flex-justify-content-flex-start fusion-content-layout-column\"><div class=\"fusion-text fusion-text-5\" style=\"--awb-content-alignment:left;--awb-font-size:19px;--awb-line-height:1.9;--awb-text-color:var(--awb-color8);\"><h4><strong>Benefactor<\/strong><\/h4>\n<ul>\n<li>B\u00e9langer Ghislaine<\/li>\n<li>Caisse d&#8217;\u00e9conomie du personnel de la sant\u00e9<\/li>\n<li>Caisse Desjardins du Sud-Ouest de Montreal<\/li>\n<li>CIUSSS du Centre-Sud-de-l&#8217;Ile de Montreal<\/li>\n<li>Verdun Lions Club<\/li>\n<li>Dubreuil Lise<\/li>\n<li>Quebec Government<\/li>\n<li>Circumscription of Verdun<\/li>\n<li>American Iron and Metal Company Inc.<\/li>\n<li>Lapalme Michel<\/li>\n<li>Pharmaprix<\/li>\n<li>Clinique de l&#8217;\u00c9glise<\/li>\n<li>Plomberie J. Jodoin Lt\u00e9e<\/li>\n<li>R\u00e9sidence fun\u00e9raire L. Th\u00e9riault Inc.<\/li>\n<li>Roy Larochelle avocats inc.<\/li>\n<li>Para-Adaptive Taxi<\/li>\n<\/ul>\n<\/div><\/div><\/div><div class=\"fusion-layout-column fusion_builder_column fusion-builder-column-4 fusion_builder_column_2_3 2_3 fusion-flex-column fusion-animated\" style=\"--awb-padding-top:3vw;--awb-padding-right:5vw;--awb-padding-bottom:3vw;--awb-padding-left:5vw;--awb-overflow:hidden;--awb-bg-color:rgba(113,158,147,0.3);--awb-bg-color-hover:rgba(113,158,147,0.3);--awb-bg-size:cover;--awb-border-radius:5px 50px 5px 5px;--awb-width-large:66.666666666667%;--awb-margin-top-large:0px;--awb-spacing-right-large:2.88%;--awb-margin-bottom-large:20px;--awb-spacing-left-large:2.88%;--awb-width-medium:66.666666666667%;--awb-order-medium:0;--awb-spacing-right-medium:2.88%;--awb-spacing-left-medium:2.88%;--awb-width-small:100%;--awb-order-small:0;--awb-spacing-right-small:1.92%;--awb-spacing-left-small:1.92%;\" data-animationType=\"fadeIn\" data-animationDuration=\"1.0\" data-animationOffset=\"top-into-view\"><div class=\"fusion-column-wrapper fusion-column-has-shadow fusion-flex-justify-content-flex-start fusion-content-layout-column\"><div class=\"fusion-text fusion-text-6\" style=\"--awb-content-alignment:left;--awb-font-size:19px;--awb-line-height:1.9;--awb-text-color:var(--awb-color8);\"><h4><strong>Friend of the Foundation<\/strong><\/h4>\n<ul class=\"liste-2-colonnes\">\n<li>A\u00e9roport Voyage .com<\/li>\n<li>Alimentation Manon Bellemare Inc.<\/li>\n<li>Allard et Ricard<\/li>\n<li>Ameresco Quebec<\/li>\n<li>AstraZenaca Canada Inc.<\/li>\n<li>Auvents Ombrasole Inc.<\/li>\n<li>Barr\u00e9 Roger<\/li>\n<li>Bayers Heathcare<\/li>\n<li>Beauchamp, Gilles<\/li>\n<li>Beaumier, Claude<\/li>\n<li>B\u00e9langer Sauv\u00e9 Avocats<\/li>\n<li>B\u00e9lisle Lise<\/li>\n<li>Biovail Pharmaceuicals Canada<\/li>\n<li>BMI Canada Inc.<\/li>\n<li>Bonin Michel<\/li>\n<li>Boss\u00e9 Georges<\/li>\n<li>Boulos Waguih<\/li>\n<li>Bourdeau, Luc<\/li>\n<li>Boutique 5e avenue<\/li>\n<li>Boutique Orthop\u00e9dique L&#8217;Autonome Inc.<\/li>\n<li>Breton, Donald<\/li>\n<li>Caisse Desjardins Allard &#8211; St- Paul<\/li>\n<li>Caisse Desjardins de Lasalle<\/li>\n<li>Caisse Desjardins de Saint-Henri et Ville Emard<\/li>\n<li>Caron, Robert P.<\/li>\n<li>Verdun Local Development Center<\/li>\n<li>Montreal South-West Chamber of Commerce and Industry<\/li>\n<li>CCISOM<\/li>\n<li>Champlain Dodge Chrysler Jeep<\/li>\n<li>Champoux, Andr\u00e9e<\/li>\n<li>Chapdelaine, Claude<\/li>\n<li>Choquette-Carri\u00e8re Solange<\/li>\n<li>Club Richelieu de Verdun<\/li>\n<li>Communiplex Marketing Inc.<\/li>\n<li>Construction et excavation MPA inc.<\/li>\n<li>Corporation Internationale Masonite<\/li>\n<li>Belhumeur Doors Division<\/li>\n<li>Couturier, Maurice<\/li>\n<li>Crisante, Rita<\/li>\n<li>CSP M\u00e9tropolitain<\/li>\n<li>DAA Strategies<\/li>\n<li>Daniel Arbour &amp; associ\u00e9s<\/li>\n<li>Dallaire, H\u00e9l\u00e8ne<\/li>\n<li>De Grasse, Luc<\/li>\n<li>De Repentigny, Jacqueline<\/li>\n<li>Desjardins Entreprises &#8211; Downtown West Montreal<\/li>\n<li>Desjardins Financial Security<\/li>\n<li>Desjardins, Francine<\/li>\n<li>Dessau<\/li>\n<li>Douville, R\u00e9jean<\/li>\n<li>Downs, Myl\u00e8ne<\/li>\n<li>Dub\u00e9 Matte Architectes inc.<\/li>\n<li>Duberco Inc.<\/li>\n<li>Dufresne, Daphn\u00e9e<\/li>\n<li>Dutech +<\/li>\n<li>Dutil, Roch<\/li>\n<li>Kruger Packaging L.P.<\/li>\n<li>Entreprises Michel Marchand Inc (Les, ) <\/li>\n<li>McDonald&#8217;s Restaurant<\/li>\n<li>\u00c9thier, Lise<\/li>\n<li>Evenko<\/li>\n<li>F\u00e9d\u00e9ration des Caisses Desjardins du Qu\u00e9bec<\/li>\n<li>Ferland, Guy<\/li>\n<li>Manulife Financial<\/li>\n<li>Sun Life Financial<\/li>\n<li>Verdun Hospital Foundation<\/li>\n<li>Foundation des R\u00e9sidences Mance-D\u00e9cary<\/li>\n<li>Yvon Lamarre Foundation<\/li>\n<li>Fortin-Sarrqazin C\u00e9cile<\/li>\n<li>Gaudreau, Th\u00e9r\u00e8se<\/li>\n<li>Gaumont, Ghislaine<\/li>\n<li>Genivar Inc.<\/li>\n<li>Gestion Dumel<\/li>\n<li>Gestion Mobes Inc.<\/li>\n<li>Gestion Simon Thibault Inc.<\/li>\n<li>Ymahlu Management<\/li>\n<li>Giampolo, Aldo<\/li>\n<li>Gignac, Sylvie<\/li>\n<li>Gosselin, R\u00e9al<\/li>\n<li>Gravel Chevrole and Buick Cadillac GMC Lt\u00e9e<\/li>\n<li>Gravel, Fran\u00e7ois<\/li>\n<li>Gregory, Walter<\/li>\n<li>Grenier, Andr\u00e9<\/li>\n<li>Groupe DPJL, insurance and financial services<\/li>\n<li>GSC Group<\/li>\n<li>Groupe Sant\u00e9 Expert<\/li>\n<li>Aon Consulting Group<\/li>\n<li>Guit\u00e9, jean<\/li>\n<li>Hamel, Rosaire<\/li>\n<li>Hamel, Th\u00e9r\u00e8se<\/li>\n<li>Hamon, madeleine<\/li>\n<li>Harper, R\u00e9jean<\/li>\n<li>HPDG Real estate appraisal and management<\/li>\n<li>Huot, Robert<\/li>\n<li>IRB Inscitutional RevieW Board Services<\/li>\n<li>Joli-C\u0153ur Lacasse S.E.N.C.R.L.<\/li>\n<li>L&#8217;Heureux, Pierre<\/li>\n<li>Labont\u00e9, Ronald<\/li>\n<li>Lamarre, Huguette<\/li>\n<li>Langelier-Parent, Maude<\/li>\n<li>Langlais, Richard<\/li>\n<li>Lapointe, Nicole<\/li>\n<li>Laram\u00e9e, Robert<\/li>\n<li>Laroche, Alain<\/li>\n<li>Larose, Benoit<\/li>\n<li>Laurin, Denise<\/li>\n<li>Lafleur Car Wash<\/li>\n<li>Le Messager de Verdun and Magazine Ile-des-S\u0153urs<\/li>\n<li>Le Milord, Hairdressing for men<\/li>\n<li>Le Sommet de la Rive<\/li>\n<li>The, May<\/li>\n<li>Leblanc, louis<\/li>\n<li>Leduc, Yves<\/li>\n<li>Leewarden, Robert<\/li>\n<li>Lepage, Fernande<\/li>\n<li>R\u00e9al Bergeron Enterprises<\/li>\n<li>Lessard &amp; Associ\u00e9s Avocats<\/li>\n<li>Lessard, Daniel<\/li>\n<li>Lessard, Simon<\/li>\n<li>Lewis, Nicole<\/li>\n<li>Loiselle, Fran\u00e7ois<\/li>\n<li>Mackay, Paule<\/li>\n<li>Maheu, Marie-Andr\u00e9e<\/li>\n<li>Mailhot, Sylvie<\/li>\n<li>Darche House<\/li>\n<li>Manon Gagn\u00e9, audioprosthetists<\/li>\n<li>Marchand, Robert<\/li>\n<li>March\u00e9 Yves Tondreau &amp; Fils Inc.<\/li>\n<li>Marocco, Tony<\/li>\n<li>Martin, Lucie<\/li>\n<li>Matte, Isabelle<\/li>\n<li>Mc Carthy Tetreault LLP<\/li>\n<li>MC Kesson, Canada<\/li>\n<li>Mercier, Louis<\/li>\n<li>Messier, Laurent<\/li>\n<li>Messier, Yves<\/li>\n<li>Michaud, Roger<\/li>\n<li>Michelle Tremblay notaire Inc.<\/li>\n<li>Moses, R\u00e9al<\/li>\n<li>Mulcair, Thomas<\/li>\n<li>Napa Auto Parts<\/li>\n<li>Novartis<\/li>\n<li>Nycomed Canada Inc.<\/li>\n<li>Bruno Fortin Golf Open<\/li>\n<li>Parenteau, Jean-Fran\u00e7ois<\/li>\n<li>Payant, H\u00e9l\u00e8ne<\/li>\n<li>Pelletier, Daine<\/li>\n<li>Phan, Chau Thi-Loan<\/li>\n<li>Pich\u00e9, Ron<\/li>\n<li>Pinard, Francine<\/li>\n<li>HR Placement Qu\u00e9villon<\/li>\n<li>Pneus Andr\u00e9 Touchette Inc.<\/li>\n<li>Pneus et m\u00e9canique Sylvain Th\u00e9riault Inc.<\/li>\n<li>Portelance, Michel<\/li>\n<li>Hickson Windows &amp; Doors Inc.<\/li>\n<li>Pozzebon, Sylvana<\/li>\n<li>Senior Vice President Caisse de Groupe<\/li>\n<li>Pr\u00e9vost, Jean<\/li>\n<li>Quesnel, Anne-Marie<\/li>\n<li>Quincaillerie, J.A. Binette Inc.<\/li>\n<li>Raymond Chabot Grant Thornton<\/li>\n<li>Raymond, Fran\u00e7ois<\/li>\n<li>RE\/MAX Dynamic M.P.<\/li>\n<li>RE\/MAX Dynamique Inc.<\/li>\n<li>Woodland Restaurant<\/li>\n<li>Rodrigue, Murielle<\/li>\n<li>R\u00f4tisseries Au Coq (Les)<\/li>\n<li>Roussin Daniel, lawyer Inc.<\/li>\n<li>Sandalwood Management Canada ULC<\/li>\n<li>Sanders, Mary-Jill<\/li>\n<li>Sandoz<\/li>\n<li>Savard, Raymond<\/li>\n<li>S\u00e9n\u00e9cal, Dominique<\/li>\n<li>Sinisco Montreal<\/li>\n<li>SSQ Financial Group<\/li>\n<li>St-Laurent et Associ\u00e9s Communication Design<\/li>\n<li>Estate of Hubert Gravel, MD Private Trust Company<\/li>\n<li>Estate of Marcelle Tremblay-Bouchard<\/li>\n<li>IGA Supermarket Jonathan Champagne<\/li>\n<li>T. Lauzon Lt\u00e9e, Groupe Lauzon<\/li>\n<li>Transelec Common Inc.<\/li>\n<li>Trudel, Claude<\/li>\n<li>Turgeon, Diane<\/li>\n<li>United Way of Greater Toronto<\/li>\n<li>United Way of York Region<\/li>\n<li>Vaillancourt, Patrick<\/li>\n<li>Variety H\u00e9on Inc.<\/li>\n<li>Vermette, Daniel<\/li>\n<li>Vigneault, Claude<\/li>\n<li>City of Montreal<\/li>\n<\/ul>\n<\/div><\/div><\/div><\/div><\/div>\n","protected":false},"excerpt":{"rendered":"","protected":false},"author":2,"featured_media":0,"parent":0,"menu_order":0,"comment_status":"closed","ping_status":"closed","template":"100-width.php","meta":{"footnotes":""},"class_list":["post-26403","page","type-page","status-publish","hentry"],"yoast_head":"<!-- This site is optimized with the Yoast SEO plugin v27.4 - https:\/\/yoast.com\/product\/yoast-seo-wordpress\/ -->\n<title>Our generous donors - Fondation Champlain et Manoir-de-Verdun<\/title>\n<meta name=\"robots\" content=\"index, follow, max-snippet:-1, max-image-preview:large, max-video-preview:-1\" \/>\n<link rel=\"canonical\" href=\"https:\/\/champlain-manoir.org\/en\/\" \/>\n<meta property=\"og:locale\" content=\"en_US\" \/>\n<meta property=\"og:type\" content=\"article\" \/>\n<meta property=\"og:title\" content=\"Our generous donors - Fondation Champlain et Manoir-de-Verdun\" \/>\n<meta property=\"og:url\" content=\"https:\/\/champlain-manoir.org\/en\/\" \/>\n<meta property=\"og:site_name\" content=\"Fondation Champlain et Manoir-de-Verdun\" \/>\n<meta property=\"article:modified_time\" content=\"2026-01-14T16:34:34+00:00\" \/>\n<meta name=\"twitter:card\" content=\"summary_large_image\" \/>\n<meta name=\"twitter:label1\" content=\"Est. reading time\" \/>\n\t<meta name=\"twitter:data1\" content=\"14 minutes\" \/>\n<script type=\"application\/ld+json\" class=\"yoast-schema-graph\">{\"@context\":\"https:\\\/\\\/schema.org\",\"@graph\":[{\"@type\":\"WebPage\",\"@id\":\"https:\\\/\\\/champlain-manoir.org\\\/en\\\/\",\"url\":\"https:\\\/\\\/champlain-manoir.org\\\/en\\\/\",\"name\":\"Our generous donors - Fondation Champlain et Manoir-de-Verdun\",\"isPartOf\":{\"@id\":\"https:\\\/\\\/champlain-manoir.org\\\/#website\"},\"datePublished\":\"2012-11-12T05:29:35+00:00\",\"dateModified\":\"2026-01-14T16:34:34+00:00\",\"breadcrumb\":{\"@id\":\"https:\\\/\\\/champlain-manoir.org\\\/en\\\/#breadcrumb\"},\"inLanguage\":\"en-US\",\"potentialAction\":[{\"@type\":\"ReadAction\",\"target\":[\"https:\\\/\\\/champlain-manoir.org\\\/en\\\/\"]}]},{\"@type\":\"BreadcrumbList\",\"@id\":\"https:\\\/\\\/champlain-manoir.org\\\/en\\\/#breadcrumb\",\"itemListElement\":[{\"@type\":\"ListItem\",\"position\":1,\"name\":\"Accueil\",\"item\":\"https:\\\/\\\/champlain-manoir.org\\\/en\\\/home\\\/\"},{\"@type\":\"ListItem\",\"position\":2,\"name\":\"Our generous donors\"}]},{\"@type\":\"WebSite\",\"@id\":\"https:\\\/\\\/champlain-manoir.org\\\/#website\",\"url\":\"https:\\\/\\\/champlain-manoir.org\\\/\",\"name\":\"Fondation Champlain et Manoir-de-Verdun\",\"description\":\"Contribue au maintien et \u00e0 l&#039;am\u00e9lioration du milieu de vie des r\u00e9sidents\",\"publisher\":{\"@id\":\"https:\\\/\\\/champlain-manoir.org\\\/#organization\"},\"potentialAction\":[{\"@type\":\"SearchAction\",\"target\":{\"@type\":\"EntryPoint\",\"urlTemplate\":\"https:\\\/\\\/champlain-manoir.org\\\/?s={search_term_string}\"},\"query-input\":{\"@type\":\"PropertyValueSpecification\",\"valueRequired\":true,\"valueName\":\"search_term_string\"}}],\"inLanguage\":\"en-US\"},{\"@type\":\"Organization\",\"@id\":\"https:\\\/\\\/champlain-manoir.org\\\/#organization\",\"name\":\"Fondation Champlain et Manoir-de-Verdun\",\"url\":\"https:\\\/\\\/champlain-manoir.org\\\/\",\"logo\":{\"@type\":\"ImageObject\",\"inLanguage\":\"en-US\",\"@id\":\"https:\\\/\\\/champlain-manoir.org\\\/#\\\/schema\\\/logo\\\/image\\\/\",\"url\":\"https:\\\/\\\/champlain-manoir.org\\\/wp-content\\\/uploads\\\/2021\\\/03\\\/logo-fondation-manoir-champlain-min-1.png\",\"contentUrl\":\"https:\\\/\\\/champlain-manoir.org\\\/wp-content\\\/uploads\\\/2021\\\/03\\\/logo-fondation-manoir-champlain-min-1.png\",\"width\":450,\"height\":176,\"caption\":\"Fondation Champlain et Manoir-de-Verdun\"},\"image\":{\"@id\":\"https:\\\/\\\/champlain-manoir.org\\\/#\\\/schema\\\/logo\\\/image\\\/\"}}]}<\/script>\n<!-- \/ Yoast SEO plugin. -->","yoast_head_json":{"title":"Our generous donors - Fondation Champlain et Manoir-de-Verdun","robots":{"index":"index","follow":"follow","max-snippet":"max-snippet:-1","max-image-preview":"max-image-preview:large","max-video-preview":"max-video-preview:-1"},"canonical":"https:\/\/champlain-manoir.org\/en\/","og_locale":"en_US","og_type":"article","og_title":"Our generous donors - Fondation Champlain et Manoir-de-Verdun","og_url":"https:\/\/champlain-manoir.org\/en\/","og_site_name":"Fondation Champlain et Manoir-de-Verdun","article_modified_time":"2026-01-14T16:34:34+00:00","twitter_card":"summary_large_image","twitter_misc":{"Est. reading time":"14 minutes"},"schema":{"@context":"https:\/\/schema.org","@graph":[{"@type":"WebPage","@id":"https:\/\/champlain-manoir.org\/en\/","url":"https:\/\/champlain-manoir.org\/en\/","name":"Our generous donors - Fondation Champlain et Manoir-de-Verdun","isPartOf":{"@id":"https:\/\/champlain-manoir.org\/#website"},"datePublished":"2012-11-12T05:29:35+00:00","dateModified":"2026-01-14T16:34:34+00:00","breadcrumb":{"@id":"https:\/\/champlain-manoir.org\/en\/#breadcrumb"},"inLanguage":"en-US","potentialAction":[{"@type":"ReadAction","target":["https:\/\/champlain-manoir.org\/en\/"]}]},{"@type":"BreadcrumbList","@id":"https:\/\/champlain-manoir.org\/en\/#breadcrumb","itemListElement":[{"@type":"ListItem","position":1,"name":"Accueil","item":"https:\/\/champlain-manoir.org\/en\/home\/"},{"@type":"ListItem","position":2,"name":"Our generous donors"}]},{"@type":"WebSite","@id":"https:\/\/champlain-manoir.org\/#website","url":"https:\/\/champlain-manoir.org\/","name":"Fondation Champlain et Manoir-de-Verdun","description":"Contribue au maintien et \u00e0 l&#039;am\u00e9lioration du milieu de vie des r\u00e9sidents","publisher":{"@id":"https:\/\/champlain-manoir.org\/#organization"},"potentialAction":[{"@type":"SearchAction","target":{"@type":"EntryPoint","urlTemplate":"https:\/\/champlain-manoir.org\/?s={search_term_string}"},"query-input":{"@type":"PropertyValueSpecification","valueRequired":true,"valueName":"search_term_string"}}],"inLanguage":"en-US"},{"@type":"Organization","@id":"https:\/\/champlain-manoir.org\/#organization","name":"Fondation Champlain et Manoir-de-Verdun","url":"https:\/\/champlain-manoir.org\/","logo":{"@type":"ImageObject","inLanguage":"en-US","@id":"https:\/\/champlain-manoir.org\/#\/schema\/logo\/image\/","url":"https:\/\/champlain-manoir.org\/wp-content\/uploads\/2021\/03\/logo-fondation-manoir-champlain-min-1.png","contentUrl":"https:\/\/champlain-manoir.org\/wp-content\/uploads\/2021\/03\/logo-fondation-manoir-champlain-min-1.png","width":450,"height":176,"caption":"Fondation Champlain et Manoir-de-Verdun"},"image":{"@id":"https:\/\/champlain-manoir.org\/#\/schema\/logo\/image\/"}}]}},"_links":{"self":[{"href":"https:\/\/champlain-manoir.org\/en\/wp-json\/wp\/v2\/pages\/26403","targetHints":{"allow":["GET"]}}],"collection":[{"href":"https:\/\/champlain-manoir.org\/en\/wp-json\/wp\/v2\/pages"}],"about":[{"href":"https:\/\/champlain-manoir.org\/en\/wp-json\/wp\/v2\/types\/page"}],"author":[{"embeddable":true,"href":"https:\/\/champlain-manoir.org\/en\/wp-json\/wp\/v2\/users\/2"}],"replies":[{"embeddable":true,"href":"https:\/\/champlain-manoir.org\/en\/wp-json\/wp\/v2\/comments?post=26403"}],"version-history":[{"count":4,"href":"https:\/\/champlain-manoir.org\/en\/wp-json\/wp\/v2\/pages\/26403\/revisions"}],"predecessor-version":[{"id":27661,"href":"https:\/\/champlain-manoir.org\/en\/wp-json\/wp\/v2\/pages\/26403\/revisions\/27661"}],"wp:attachment":[{"href":"https:\/\/champlain-manoir.org\/en\/wp-json\/wp\/v2\/media?parent=26403"}],"curies":[{"name":"wp","href":"https:\/\/api.w.org\/{rel}","templated":true}]}}