{"id":26394,"date":"2018-09-03T12:06:45","date_gmt":"2018-09-03T16:06:45","guid":{"rendered":"https:\/\/champlain-manoir.org\/activites\/"},"modified":"2026-01-14T13:53:35","modified_gmt":"2026-01-14T18:53:35","slug":"activites","status":"publish","type":"page","link":"https:\/\/champlain-manoir.org\/en\/activities-foundation\/","title":{"rendered":"The Foundation\u2019s Activities"},"content":{"rendered":"<div class=\"fusion-fullwidth fullwidth-box fusion-builder-row-1 fusion-flex-container nonhundred-percent-fullwidth non-hundred-percent-height-scrolling\" style=\"--awb-border-radius-top-left:0px;--awb-border-radius-top-right:0px;--awb-border-radius-bottom-right:0px;--awb-border-radius-bottom-left:0px;--awb-padding-top:5vw;--awb-padding-bottom:7vw;--awb-background-color:hsla(var(--awb-color1-h),var(--awb-color1-s),var(--awb-color1-l),calc(var(--awb-color1-a) - 40%));--awb-flex-wrap:wrap;\" ><div class=\"fusion-builder-row fusion-row fusion-flex-align-items-flex-start fusion-flex-justify-content-center fusion-flex-content-wrap\" style=\"max-width:calc( 1300px + 2.5vw );margin-left: calc(-2.5vw \/ 2 );margin-right: calc(-2.5vw \/ 2 );\"><div class=\"fusion-layout-column fusion_builder_column fusion-builder-column-0 fusion_builder_column_1_1 1_1 fusion-flex-column\" style=\"--awb-padding-right:7vw;--awb-padding-left:7vw;--awb-bg-size:cover;--awb-width-large:100%;--awb-margin-top-large:0px;--awb-spacing-right-large:1.25vw;--awb-margin-bottom-large:50px;--awb-spacing-left-large:1.25vw;--awb-width-medium:100%;--awb-order-medium:0;--awb-spacing-right-medium:1.25vw;--awb-spacing-left-medium:1.25vw;--awb-width-small:100%;--awb-order-small:0;--awb-spacing-right-small:1.25vw;--awb-spacing-left-small:1.25vw;\"><div class=\"fusion-column-wrapper fusion-column-has-shadow fusion-flex-justify-content-flex-start fusion-content-layout-column\"><div class=\"fusion-title title fusion-title-1 fusion-sep-none fusion-title-center fusion-title-text fusion-title-size-two\" style=\"--awb-text-color:var(--awb-color5);--awb-margin-bottom:75px;--awb-margin-top-small:10px;--awb-margin-right-small:0px;--awb-margin-bottom-small:10px;--awb-margin-left-small:0px;\"><h2 class=\"fusion-title-heading title-heading-center fusion-responsive-typography-calculated\" style=\"font-family:&quot;Inter&quot;;font-style:normal;font-weight:400;margin:0;--fontSize:48;line-height:var(--awb-typography1-line-height);\"><b>The Foundation&#8217;s activities<\/b><\/h2><\/div><div class=\"fusion-blog-shortcode fusion-blog-shortcode-1 fusion-blog-archive fusion-blog-layout-grid-wrapper fusion-blog-infinite fusion-blog-layout-center\" style=\"--awb-title-font-size:22px;--awb-title-font-family:&quot;Inter&quot;;--awb-title-font-style:normal;--awb-title-font-weight:500;\"><style type=\"text\/css\">.fusion-blog-shortcode-1 .fusion-blog-layout-grid .fusion-post-grid{padding:20px;}.fusion-blog-shortcode-1 .fusion-posts-container{margin-left: -20px !important; margin-right:-20px !important;}<\/style><div class=\"fusion-posts-container fusion-posts-container-infinite fusion-no-meta-info fusion-blog-layout-grid fusion-blog-layout-grid-2 isotope fusion-blog-equal-heights\" data-pages=\"1\" data-grid-col-space=\"40\" style=\"margin: -20px -20px 0;min-height:500px;\"><article id=\"blog-1-post-27680\" class=\"fusion-post-grid post-27680 post type-post status-publish format-standard has-post-thumbnail hentry category-golf\">\n<div class=\"fusion-post-wrapper\" style=\"background-color:var(--awb-color1);border:1px solid var(--awb-color1);border-bottom-width:3px;\">\n\n\t\t\t<div class=\"fusion-flexslider flexslider fusion-flexslider-loading fusion-post-slideshow\" style=\"border-color:var(--awb-color1);\">\n\t\t<ul class=\"slides\">\n\t\t\t\n\t\t\t\t\t\t\t\t\t\t\t\t\t\t<li><div  class=\"fusion-image-wrapper\" aria-haspopup=\"true\">\n\t\t\t\t\t\t\t<a href=\"https:\/\/champlain-manoir.org\/en\/2025-golf-tournament-32nd-edition\/\" aria-label=\"2025 Golf Tournament &#8211; 32nd Edition\">\n\t\t\t\t\t\t\t<img decoding=\"async\" width=\"1000\" height=\"821\" src=\"https:\/\/champlain-manoir.org\/wp-content\/uploads\/2025\/04\/tournoi-de-golf-2025.webp\" class=\"attachment-full size-full wp-post-image\" alt=\"\" \/>\t\t\t<\/a>\n\t\t\t\t\t\t\t<\/div>\n<\/li>\n\t\t\t\n\t\t\t\n\t\t\t\t\t\t\t\t\t\t\t\t\t\t\t\t\t\t\t\t\t\t\t\t\t\t\t\t\t\t\t\t\t\t\t\t\t\t\t\t\t\t\t\t\t\t\t\t\t\t\t\t\t\t\t\t\t\t\t\t\t\t\t\t\t\t\t\t<\/ul>\n\t<\/div>\n\t<div class=\"fusion-post-content-wrapper\" style=\"padding:15 25px 0 25px;\"><div class=\"fusion-post-content post-content\"><h4 class=\"blog-shortcode-post-title entry-title\"><a href=\"https:\/\/champlain-manoir.org\/en\/2025-golf-tournament-32nd-edition\/\">2025 Golf Tournament &#8211; 32nd Edition<\/a><\/h4><\/div><\/div><div class=\"fusion-clearfix\"><\/div><\/div>\n<\/article>\n<article id=\"blog-1-post-27684\" class=\"fusion-post-grid post-27684 post type-post status-publish format-standard has-post-thumbnail hentry category-golf\">\n<div class=\"fusion-post-wrapper\" style=\"background-color:var(--awb-color1);border:1px solid var(--awb-color1);border-bottom-width:3px;\">\n\n\t\t\t<div class=\"fusion-flexslider flexslider fusion-flexslider-loading fusion-post-slideshow\" style=\"border-color:var(--awb-color1);\">\n\t\t<ul class=\"slides\">\n\t\t\t\n\t\t\t\t\t\t\t\t\t\t\t\t\t\t<li><div  class=\"fusion-image-wrapper\" aria-haspopup=\"true\">\n\t\t\t\t\t\t\t<a href=\"https:\/\/champlain-manoir.org\/en\/2024-golf-tournament-31st-edition\/\" aria-label=\"2024 Golf Tournament &#8211; 31st Edition\">\n\t\t\t\t\t\t\t<img decoding=\"async\" width=\"1000\" height=\"821\" src=\"https:\/\/champlain-manoir.org\/wp-content\/uploads\/2024\/04\/tournoi-de-golf-2024-fondation.webp\" class=\"attachment-full size-full wp-post-image\" alt=\"tournoi-de-golf-2024-fondation\" \/>\t\t\t<\/a>\n\t\t\t\t\t\t\t<\/div>\n<\/li>\n\t\t\t\n\t\t\t\n\t\t\t\t\t\t\t\t\t\t\t\t\t\t\t\t\t\t\t\t\t\t\t\t\t\t\t\t\t\t\t\t\t\t\t\t\t\t\t\t\t\t\t\t\t\t\t\t\t\t\t\t\t\t\t\t\t\t\t\t\t\t\t\t\t\t\t\t<\/ul>\n\t<\/div>\n\t<div class=\"fusion-post-content-wrapper\" style=\"padding:15 25px 0 25px;\"><div class=\"fusion-post-content post-content\"><h4 class=\"blog-shortcode-post-title entry-title\"><a href=\"https:\/\/champlain-manoir.org\/en\/2024-golf-tournament-31st-edition\/\">2024 Golf Tournament &#8211; 31st Edition<\/a><\/h4><\/div><\/div><div class=\"fusion-clearfix\"><\/div><\/div>\n<\/article>\n<article id=\"blog-1-post-27688\" class=\"fusion-post-grid post-27688 post type-post status-publish format-standard has-post-thumbnail hentry category-golf\">\n<div class=\"fusion-post-wrapper\" style=\"background-color:var(--awb-color1);border:1px solid var(--awb-color1);border-bottom-width:3px;\">\n\n\t\t\t<div class=\"fusion-flexslider flexslider fusion-flexslider-loading fusion-post-slideshow\" style=\"border-color:var(--awb-color1);\">\n\t\t<ul class=\"slides\">\n\t\t\t\n\t\t\t\t\t\t\t\t\t\t\t\t\t\t<li><div  class=\"fusion-image-wrapper\" aria-haspopup=\"true\">\n\t\t\t\t\t\t\t<a href=\"https:\/\/champlain-manoir.org\/en\/2023-golf-tournament-30th-edition\/\" aria-label=\"2023 Golf Tournament &#8211; 30th Edition\">\n\t\t\t\t\t\t\t<img decoding=\"async\" width=\"1000\" height=\"821\" src=\"https:\/\/champlain-manoir.org\/wp-content\/uploads\/2023\/05\/tournoi-golf-fondation-champlain-2023.webp\" class=\"attachment-full size-full wp-post-image\" alt=\"tournoi-golf-fondation-champlain-2023\" \/>\t\t\t<\/a>\n\t\t\t\t\t\t\t<\/div>\n<\/li>\n\t\t\t\n\t\t\t\n\t\t\t\t\t\t\t\t\t\t\t\t\t\t\t\t\t\t\t\t\t\t\t\t\t\t\t\t\t\t\t\t\t\t\t\t\t\t\t\t\t\t\t\t\t\t\t\t\t\t\t\t\t\t\t\t\t\t\t\t\t\t\t\t\t\t\t\t<\/ul>\n\t<\/div>\n\t<div class=\"fusion-post-content-wrapper\" style=\"padding:15 25px 0 25px;\"><div class=\"fusion-post-content post-content\"><h4 class=\"blog-shortcode-post-title entry-title\"><a href=\"https:\/\/champlain-manoir.org\/en\/2023-golf-tournament-30th-edition\/\">2023 Golf Tournament &#8211; 30th Edition<\/a><\/h4><\/div><\/div><div class=\"fusion-clearfix\"><\/div><\/div>\n<\/article>\n<article id=\"blog-1-post-27692\" class=\"fusion-post-grid post-27692 post type-post status-publish format-standard has-post-thumbnail hentry category-golf\">\n<div class=\"fusion-post-wrapper\" style=\"background-color:var(--awb-color1);border:1px solid var(--awb-color1);border-bottom-width:3px;\">\n\n\t\t\t<div class=\"fusion-flexslider flexslider fusion-flexslider-loading fusion-post-slideshow\" style=\"border-color:var(--awb-color1);\">\n\t\t<ul class=\"slides\">\n\t\t\t\n\t\t\t\t\t\t\t\t\t\t\t\t\t\t<li><div  class=\"fusion-image-wrapper\" aria-haspopup=\"true\">\n\t\t\t\t\t\t\t<a href=\"https:\/\/champlain-manoir.org\/en\/2022-golf-tournament-29th-edition\/\" aria-label=\"2022 Golf Tournament &#8211; 29th edition\">\n\t\t\t\t\t\t\t<img decoding=\"async\" width=\"1000\" height=\"821\" src=\"https:\/\/champlain-manoir.org\/wp-content\/uploads\/2022\/05\/vallee-des-forts-tournoi-1.jpg\" class=\"attachment-full size-full wp-post-image\" alt=\"vallee-des-forts-tournoi\" srcset=\"https:\/\/champlain-manoir.org\/wp-content\/uploads\/2022\/05\/vallee-des-forts-tournoi-1-200x164.jpg 200w, https:\/\/champlain-manoir.org\/wp-content\/uploads\/2022\/05\/vallee-des-forts-tournoi-1-400x328.jpg 400w, https:\/\/champlain-manoir.org\/wp-content\/uploads\/2022\/05\/vallee-des-forts-tournoi-1-600x493.jpg 600w, https:\/\/champlain-manoir.org\/wp-content\/uploads\/2022\/05\/vallee-des-forts-tournoi-1-800x657.jpg 800w, https:\/\/champlain-manoir.org\/wp-content\/uploads\/2022\/05\/vallee-des-forts-tournoi-1.jpg 1000w\" sizes=\"(min-width: 2200px) 100vw, (min-width: 712px) 630px, (min-width: 640px) 712px, \" \/>\t\t\t<\/a>\n\t\t\t\t\t\t\t<\/div>\n<\/li>\n\t\t\t\n\t\t\t\n\t\t\t\t\t\t\t\t\t\t\t\t\t\t\t\t\t\t\t\t\t\t\t\t\t\t\t\t\t\t\t\t\t\t\t\t\t\t\t\t\t\t\t\t\t\t\t\t\t\t\t\t\t\t\t\t\t\t\t\t\t\t\t\t\t\t\t\t<\/ul>\n\t<\/div>\n\t<div class=\"fusion-post-content-wrapper\" style=\"padding:15 25px 0 25px;\"><div class=\"fusion-post-content post-content\"><h4 class=\"blog-shortcode-post-title entry-title\"><a href=\"https:\/\/champlain-manoir.org\/en\/2022-golf-tournament-29th-edition\/\">2022 Golf Tournament &#8211; 29th edition<\/a><\/h4><\/div><\/div><div class=\"fusion-clearfix\"><\/div><\/div>\n<\/article>\n<div class=\"fusion-clearfix\"><\/div><\/div><\/div><div class=\"fusion-blog-shortcode fusion-blog-shortcode-2 fusion-blog-archive fusion-blog-layout-grid-wrapper fusion-blog-infinite fusion-blog-layout-center\" style=\"--awb-title-font-size:22px;--awb-title-font-family:&quot;Inter&quot;;--awb-title-font-style:normal;--awb-title-font-weight:500;\"><style type=\"text\/css\">.fusion-blog-shortcode-2 .fusion-blog-layout-grid .fusion-post-grid{padding:20px;}.fusion-blog-shortcode-2 .fusion-posts-container{margin-left: -20px !important; margin-right:-20px !important;}<\/style><div class=\"fusion-posts-container fusion-posts-container-infinite fusion-no-meta-info fusion-blog-layout-grid fusion-blog-layout-grid-2 isotope fusion-blog-equal-heights\" data-pages=\"1\" data-grid-col-space=\"40\" style=\"margin: -20px -20px 0;min-height:500px;\"><article id=\"blog-2-post-26436\" class=\"fusion-post-grid post-26436 post type-post status-draft format-standard has-post-thumbnail hentry category-golf\">\n<div class=\"fusion-post-wrapper\" style=\"background-color:var(--awb-color1);border:1px solid var(--awb-color1);border-bottom-width:3px;\">\n\n\t\t\t<div class=\"fusion-flexslider flexslider fusion-flexslider-loading fusion-post-slideshow\" style=\"border-color:var(--awb-color1);\">\n\t\t<ul class=\"slides\">\n\t\t\t\n\t\t\t\t\t\t\t\t\t\t\t\t\t\t<li><div  class=\"fusion-image-wrapper\" aria-haspopup=\"true\">\n\t\t\t\t\t\t\t<a href=\"#\" aria-label=\"2018 Golf Tournament \u2013 27th edition\">\n\t\t\t\t\t\t\t<img decoding=\"async\" width=\"500\" height=\"373\" src=\"https:\/\/champlain-manoir.org\/wp-content\/uploads\/2018\/09\/fondation-tournoi-de-golf-min.jpg\" class=\"attachment-full size-full wp-post-image\" alt=\"fondation-tournoi-de-golf-min\" \/>\t\t\t<\/a>\n\t\t\t\t\t\t\t<\/div>\n<\/li>\n\t\t\t\n\t\t\t\n\t\t\t\t\t\t\t\t\t\t\t\t\t\t\t\t\t\t\t\t\t\t\t\t\t\t\t\t\t\t\t\t\t\t\t\t\t\t\t\t\t\t\t\t\t\t\t\t\t\t\t\t\t\t\t\t\t\t\t\t\t\t\t\t\t\t\t\t<\/ul>\n\t<\/div>\n\t<div class=\"fusion-post-content-wrapper\" style=\"padding:15 25px 0 25px;\"><div class=\"fusion-post-content post-content\"><h4 class=\"blog-shortcode-post-title entry-title\">2018 Golf Tournament \u2013 27th edition<\/h4><\/div><\/div><div class=\"fusion-clearfix\"><\/div><\/div>\n<\/article>\n<article id=\"blog-2-post-26440\" class=\"fusion-post-grid post-26440 post type-post status-draft format-standard has-post-thumbnail hentry category-diners-benefices-en\">\n<div class=\"fusion-post-wrapper\" style=\"background-color:var(--awb-color1);border:1px solid var(--awb-color1);border-bottom-width:3px;\">\n\n\t\t\t<div class=\"fusion-flexslider flexslider fusion-flexslider-loading fusion-post-slideshow\" style=\"border-color:var(--awb-color1);\">\n\t\t<ul class=\"slides\">\n\t\t\t\n\t\t\t\t\t\t\t\t\t\t\t\t\t\t<li><div  class=\"fusion-image-wrapper\" aria-haspopup=\"true\">\n\t\t\t\t\t\t\t<a href=\"#\" aria-label=\"Fundraising dinner Restaurant Su\">\n\t\t\t\t\t\t\t<img decoding=\"async\" width=\"2048\" height=\"1536\" src=\"https:\/\/champlain-manoir.org\/wp-content\/uploads\/2018\/09\/diner-restaurant-su-1.jpg\" class=\"attachment-full size-full wp-post-image\" alt=\"diner-restaurant-su\" \/>\t\t\t<\/a>\n\t\t\t\t\t\t\t<\/div>\n<\/li>\n\t\t\t\n\t\t\t\n\t\t\t\t\t\t\t\t\t\t\t\t\t\t\t\t\t\t\t\t\t\t\t\t\t\t\t\t\t\t\t\t\t\t\t\t\t\t\t\t\t\t\t\t\t\t\t\t\t\t\t\t\t\t\t\t\t\t\t\t\t\t\t\t\t\t\t\t<\/ul>\n\t<\/div>\n\t<div class=\"fusion-post-content-wrapper\" style=\"padding:15 25px 0 25px;\"><div class=\"fusion-post-content post-content\"><h4 class=\"blog-shortcode-post-title entry-title\">Fundraising dinner Restaurant Su<\/h4><\/div><\/div><div class=\"fusion-clearfix\"><\/div><\/div>\n<\/article>\n<article id=\"blog-2-post-26443\" class=\"fusion-post-grid post-26443 post type-post status-draft format-standard has-post-thumbnail hentry category-concerts-en\">\n<div class=\"fusion-post-wrapper\" style=\"background-color:var(--awb-color1);border:1px solid var(--awb-color1);border-bottom-width:3px;\">\n\n\t\t\t<div class=\"fusion-flexslider flexslider fusion-flexslider-loading fusion-post-slideshow\" style=\"border-color:var(--awb-color1);\">\n\t\t<ul class=\"slides\">\n\t\t\t\n\t\t\t\t\t\t\t\t\t\t\t\t\t\t<li><div  class=\"fusion-image-wrapper\" aria-haspopup=\"true\">\n\t\t\t\t\t\t\t<a href=\"#\" aria-label=\"Concert of the Metropolitan Orchestra\">\n\t\t\t\t\t\t\t<img decoding=\"async\" width=\"960\" height=\"720\" src=\"https:\/\/champlain-manoir.org\/wp-content\/uploads\/2018\/09\/soiree-orchestre-fondation.jpg\" class=\"attachment-full size-full wp-post-image\" alt=\"soiree-orchestre-fondation\" \/>\t\t\t<\/a>\n\t\t\t\t\t\t\t<\/div>\n<\/li>\n\t\t\t\n\t\t\t\n\t\t\t\t\t\t\t\t\t\t\t\t\t\t\t\t\t\t\t\t\t\t\t\t\t\t\t\t\t\t\t\t\t\t\t\t\t\t\t\t\t\t\t\t\t\t\t\t\t\t\t\t\t\t\t\t\t\t\t\t\t\t\t\t\t\t\t\t<\/ul>\n\t<\/div>\n\t<div class=\"fusion-post-content-wrapper\" style=\"padding:15 25px 0 25px;\"><div class=\"fusion-post-content post-content\"><h4 class=\"blog-shortcode-post-title entry-title\">Concert of the Metropolitan Orchestra<\/h4><\/div><\/div><div class=\"fusion-clearfix\"><\/div><\/div>\n<\/article>\n<article id=\"blog-2-post-26447\" class=\"fusion-post-grid post-26447 post type-post status-draft format-standard has-post-thumbnail hentry category-activites-en\">\n<div class=\"fusion-post-wrapper\" style=\"background-color:var(--awb-color1);border:1px solid var(--awb-color1);border-bottom-width:3px;\">\n\n\t\t\t<div class=\"fusion-flexslider flexslider fusion-flexslider-loading fusion-post-slideshow\" style=\"border-color:var(--awb-color1);\">\n\t\t<ul class=\"slides\">\n\t\t\t\n\t\t\t\t\t\t\t\t\t\t\t\t\t\t<li><div  class=\"fusion-image-wrapper\" aria-haspopup=\"true\">\n\t\t\t\t\t\t\t<a href=\"#\" aria-label=\"Oktoberfest \u2013 October 25th, 2017\">\n\t\t\t\t\t\t\t<img decoding=\"async\" width=\"500\" height=\"327\" src=\"https:\/\/champlain-manoir.org\/wp-content\/uploads\/2018\/08\/ocytoberfest-fondation-champlain-manoir.png\" class=\"attachment-full size-full wp-post-image\" alt=\"ocytoberfest-fondation-champlain-manoir\" \/>\t\t\t<\/a>\n\t\t\t\t\t\t\t<\/div>\n<\/li>\n\t\t\t\n\t\t\t\n\t\t\t\t\t\t\t\t\t\t\t\t\t\t\t\t\t\t\t\t\t\t\t\t\t\t\t\t\t\t\t\t\t\t\t\t\t\t\t\t\t\t\t\t\t\t\t\t\t\t\t\t\t\t\t\t\t\t\t\t\t\t\t\t\t\t\t\t<\/ul>\n\t<\/div>\n\t<div class=\"fusion-post-content-wrapper\" style=\"padding:15 25px 0 25px;\"><div class=\"fusion-post-content post-content\"><h4 class=\"blog-shortcode-post-title entry-title\">Oktoberfest \u2013 October 25th, 2017<\/h4><\/div><\/div><div class=\"fusion-clearfix\"><\/div><\/div>\n<\/article>\n<article id=\"blog-2-post-26451\" class=\"fusion-post-grid post-26451 post type-post status-draft format-standard has-post-thumbnail hentry category-golf\">\n<div class=\"fusion-post-wrapper\" style=\"background-color:var(--awb-color1);border:1px solid var(--awb-color1);border-bottom-width:3px;\">\n\n\t\t\t<div class=\"fusion-flexslider flexslider fusion-flexslider-loading fusion-post-slideshow\" style=\"border-color:var(--awb-color1);\">\n\t\t<ul class=\"slides\">\n\t\t\t\n\t\t\t\t\t\t\t\t\t\t\t\t\t\t<li><div  class=\"fusion-image-wrapper\" aria-haspopup=\"true\">\n\t\t\t\t\t\t\t<a href=\"#\" aria-label=\"2017 Golf Tournament \u2013 26th edition\">\n\t\t\t\t\t\t\t<img decoding=\"async\" width=\"2016\" height=\"1512\" src=\"https:\/\/champlain-manoir.org\/wp-content\/uploads\/2018\/09\/26e-tournoi-golf-fondation-manoir-champlain-9.jpg\" class=\"attachment-full size-full wp-post-image\" alt=\"\" \/>\t\t\t<\/a>\n\t\t\t\t\t\t\t<\/div>\n<\/li>\n\t\t\t\n\t\t\t\n\t\t\t\t\t\t\t\t\t\t\t\t\t\t\t\t\t\t\t\t\t\t\t\t\t\t\t\t\t\t\t\t\t\t\t\t\t\t\t\t\t\t\t\t\t\t\t\t\t\t\t\t\t\t\t\t\t\t\t\t\t\t\t\t\t\t\t\t<\/ul>\n\t<\/div>\n\t<div class=\"fusion-post-content-wrapper\" style=\"padding:15 25px 0 25px;\"><div class=\"fusion-post-content post-content\"><h4 class=\"blog-shortcode-post-title entry-title\">2017 Golf Tournament \u2013 26th edition<\/h4><\/div><\/div><div class=\"fusion-clearfix\"><\/div><\/div>\n<\/article>\n<article id=\"blog-2-post-26457\" class=\"fusion-post-grid post-26457 post type-post status-draft format-standard has-post-thumbnail hentry category-golf\">\n<div class=\"fusion-post-wrapper\" style=\"background-color:var(--awb-color1);border:1px solid var(--awb-color1);border-bottom-width:3px;\">\n\n\t\t\t<div class=\"fusion-flexslider flexslider fusion-flexslider-loading fusion-post-slideshow\" style=\"border-color:var(--awb-color1);\">\n\t\t<ul class=\"slides\">\n\t\t\t\n\t\t\t\t\t\t\t\t\t\t\t\t\t\t<li><div  class=\"fusion-image-wrapper\" aria-haspopup=\"true\">\n\t\t\t\t\t\t\t<a href=\"#\" aria-label=\"2016 Golf Tournament \u2013 25th edition\">\n\t\t\t\t\t\t\t<img decoding=\"async\" width=\"500\" height=\"331\" src=\"https:\/\/champlain-manoir.org\/wp-content\/uploads\/2018\/05\/golf-25e-fondation-min.jpg\" class=\"attachment-full size-full wp-post-image\" alt=\"golf-25e-fondation\" \/>\t\t\t<\/a>\n\t\t\t\t\t\t\t<\/div>\n<\/li>\n\t\t\t\n\t\t\t\n\t\t\t\t\t\t\t\t\t\t\t\t\t\t\t\t\t\t\t\t\t\t\t\t\t\t\t\t\t\t\t\t\t\t\t\t\t\t\t\t\t\t\t\t\t\t\t\t\t\t\t\t\t\t\t\t\t\t\t\t\t\t\t\t\t\t\t\t<\/ul>\n\t<\/div>\n\t<div class=\"fusion-post-content-wrapper\" style=\"padding:15 25px 0 25px;\"><div class=\"fusion-post-content post-content\"><h4 class=\"blog-shortcode-post-title entry-title\">2016 Golf Tournament \u2013 25th edition<\/h4><\/div><\/div><div class=\"fusion-clearfix\"><\/div><\/div>\n<\/article>\n<div class=\"fusion-clearfix\"><\/div><\/div><\/div><\/div><\/div><\/div><\/div>\n","protected":false},"excerpt":{"rendered":"","protected":false},"author":2,"featured_media":0,"parent":0,"menu_order":0,"comment_status":"closed","ping_status":"closed","template":"100-width.php","meta":{"footnotes":""},"class_list":["post-26394","page","type-page","status-publish","hentry"],"yoast_head":"<!-- This site is optimized with the Yoast SEO plugin v27.4 - https:\/\/yoast.com\/product\/yoast-seo-wordpress\/ -->\n<title>The Foundation\u2019s Activities - Fondation Champlain et Manoir-de-Verdun<\/title>\n<meta name=\"robots\" content=\"index, follow, max-snippet:-1, max-image-preview:large, max-video-preview:-1\" \/>\n<link rel=\"canonical\" href=\"https:\/\/champlain-manoir.org\/en\/activities-foundation\/\" \/>\n<meta property=\"og:locale\" content=\"en_US\" \/>\n<meta property=\"og:type\" content=\"article\" \/>\n<meta property=\"og:title\" content=\"The Foundation\u2019s Activities - Fondation Champlain et Manoir-de-Verdun\" \/>\n<meta property=\"og:url\" content=\"https:\/\/champlain-manoir.org\/en\/activities-foundation\/\" \/>\n<meta property=\"og:site_name\" content=\"Fondation Champlain et Manoir-de-Verdun\" \/>\n<meta property=\"article:modified_time\" content=\"2026-01-14T18:53:35+00:00\" \/>\n<meta name=\"twitter:card\" content=\"summary_large_image\" \/>\n<meta name=\"twitter:label1\" content=\"Est. reading time\" \/>\n\t<meta name=\"twitter:data1\" content=\"3 minutes\" \/>\n<script type=\"application\/ld+json\" class=\"yoast-schema-graph\">{\"@context\":\"https:\\\/\\\/schema.org\",\"@graph\":[{\"@type\":\"WebPage\",\"@id\":\"https:\\\/\\\/champlain-manoir.org\\\/en\\\/activities-foundation\\\/\",\"url\":\"https:\\\/\\\/champlain-manoir.org\\\/en\\\/activities-foundation\\\/\",\"name\":\"The Foundation\u2019s Activities - Fondation Champlain et Manoir-de-Verdun\",\"isPartOf\":{\"@id\":\"https:\\\/\\\/champlain-manoir.org\\\/#website\"},\"datePublished\":\"2018-09-03T16:06:45+00:00\",\"dateModified\":\"2026-01-14T18:53:35+00:00\",\"breadcrumb\":{\"@id\":\"https:\\\/\\\/champlain-manoir.org\\\/en\\\/activities-foundation\\\/#breadcrumb\"},\"inLanguage\":\"en-US\",\"potentialAction\":[{\"@type\":\"ReadAction\",\"target\":[\"https:\\\/\\\/champlain-manoir.org\\\/en\\\/activities-foundation\\\/\"]}]},{\"@type\":\"BreadcrumbList\",\"@id\":\"https:\\\/\\\/champlain-manoir.org\\\/en\\\/activities-foundation\\\/#breadcrumb\",\"itemListElement\":[{\"@type\":\"ListItem\",\"position\":1,\"name\":\"Accueil\",\"item\":\"https:\\\/\\\/champlain-manoir.org\\\/en\\\/home\\\/\"},{\"@type\":\"ListItem\",\"position\":2,\"name\":\"The Foundation\u2019s Activities\"}]},{\"@type\":\"WebSite\",\"@id\":\"https:\\\/\\\/champlain-manoir.org\\\/#website\",\"url\":\"https:\\\/\\\/champlain-manoir.org\\\/\",\"name\":\"Fondation Champlain et Manoir-de-Verdun\",\"description\":\"Contribue au maintien et \u00e0 l&#039;am\u00e9lioration du milieu de vie des r\u00e9sidents\",\"publisher\":{\"@id\":\"https:\\\/\\\/champlain-manoir.org\\\/#organization\"},\"potentialAction\":[{\"@type\":\"SearchAction\",\"target\":{\"@type\":\"EntryPoint\",\"urlTemplate\":\"https:\\\/\\\/champlain-manoir.org\\\/?s={search_term_string}\"},\"query-input\":{\"@type\":\"PropertyValueSpecification\",\"valueRequired\":true,\"valueName\":\"search_term_string\"}}],\"inLanguage\":\"en-US\"},{\"@type\":\"Organization\",\"@id\":\"https:\\\/\\\/champlain-manoir.org\\\/#organization\",\"name\":\"Fondation Champlain et Manoir-de-Verdun\",\"url\":\"https:\\\/\\\/champlain-manoir.org\\\/\",\"logo\":{\"@type\":\"ImageObject\",\"inLanguage\":\"en-US\",\"@id\":\"https:\\\/\\\/champlain-manoir.org\\\/#\\\/schema\\\/logo\\\/image\\\/\",\"url\":\"https:\\\/\\\/champlain-manoir.org\\\/wp-content\\\/uploads\\\/2021\\\/03\\\/logo-fondation-manoir-champlain-min-1.png\",\"contentUrl\":\"https:\\\/\\\/champlain-manoir.org\\\/wp-content\\\/uploads\\\/2021\\\/03\\\/logo-fondation-manoir-champlain-min-1.png\",\"width\":450,\"height\":176,\"caption\":\"Fondation Champlain et Manoir-de-Verdun\"},\"image\":{\"@id\":\"https:\\\/\\\/champlain-manoir.org\\\/#\\\/schema\\\/logo\\\/image\\\/\"}}]}<\/script>\n<!-- \/ Yoast SEO plugin. -->","yoast_head_json":{"title":"The Foundation\u2019s Activities - Fondation Champlain et Manoir-de-Verdun","robots":{"index":"index","follow":"follow","max-snippet":"max-snippet:-1","max-image-preview":"max-image-preview:large","max-video-preview":"max-video-preview:-1"},"canonical":"https:\/\/champlain-manoir.org\/en\/activities-foundation\/","og_locale":"en_US","og_type":"article","og_title":"The Foundation\u2019s Activities - Fondation Champlain et Manoir-de-Verdun","og_url":"https:\/\/champlain-manoir.org\/en\/activities-foundation\/","og_site_name":"Fondation Champlain et Manoir-de-Verdun","article_modified_time":"2026-01-14T18:53:35+00:00","twitter_card":"summary_large_image","twitter_misc":{"Est. reading time":"3 minutes"},"schema":{"@context":"https:\/\/schema.org","@graph":[{"@type":"WebPage","@id":"https:\/\/champlain-manoir.org\/en\/activities-foundation\/","url":"https:\/\/champlain-manoir.org\/en\/activities-foundation\/","name":"The Foundation\u2019s Activities - Fondation Champlain et Manoir-de-Verdun","isPartOf":{"@id":"https:\/\/champlain-manoir.org\/#website"},"datePublished":"2018-09-03T16:06:45+00:00","dateModified":"2026-01-14T18:53:35+00:00","breadcrumb":{"@id":"https:\/\/champlain-manoir.org\/en\/activities-foundation\/#breadcrumb"},"inLanguage":"en-US","potentialAction":[{"@type":"ReadAction","target":["https:\/\/champlain-manoir.org\/en\/activities-foundation\/"]}]},{"@type":"BreadcrumbList","@id":"https:\/\/champlain-manoir.org\/en\/activities-foundation\/#breadcrumb","itemListElement":[{"@type":"ListItem","position":1,"name":"Accueil","item":"https:\/\/champlain-manoir.org\/en\/home\/"},{"@type":"ListItem","position":2,"name":"The Foundation\u2019s Activities"}]},{"@type":"WebSite","@id":"https:\/\/champlain-manoir.org\/#website","url":"https:\/\/champlain-manoir.org\/","name":"Fondation Champlain et Manoir-de-Verdun","description":"Contribue au maintien et \u00e0 l&#039;am\u00e9lioration du milieu de vie des r\u00e9sidents","publisher":{"@id":"https:\/\/champlain-manoir.org\/#organization"},"potentialAction":[{"@type":"SearchAction","target":{"@type":"EntryPoint","urlTemplate":"https:\/\/champlain-manoir.org\/?s={search_term_string}"},"query-input":{"@type":"PropertyValueSpecification","valueRequired":true,"valueName":"search_term_string"}}],"inLanguage":"en-US"},{"@type":"Organization","@id":"https:\/\/champlain-manoir.org\/#organization","name":"Fondation Champlain et Manoir-de-Verdun","url":"https:\/\/champlain-manoir.org\/","logo":{"@type":"ImageObject","inLanguage":"en-US","@id":"https:\/\/champlain-manoir.org\/#\/schema\/logo\/image\/","url":"https:\/\/champlain-manoir.org\/wp-content\/uploads\/2021\/03\/logo-fondation-manoir-champlain-min-1.png","contentUrl":"https:\/\/champlain-manoir.org\/wp-content\/uploads\/2021\/03\/logo-fondation-manoir-champlain-min-1.png","width":450,"height":176,"caption":"Fondation Champlain et Manoir-de-Verdun"},"image":{"@id":"https:\/\/champlain-manoir.org\/#\/schema\/logo\/image\/"}}]}},"_links":{"self":[{"href":"https:\/\/champlain-manoir.org\/en\/wp-json\/wp\/v2\/pages\/26394","targetHints":{"allow":["GET"]}}],"collection":[{"href":"https:\/\/champlain-manoir.org\/en\/wp-json\/wp\/v2\/pages"}],"about":[{"href":"https:\/\/champlain-manoir.org\/en\/wp-json\/wp\/v2\/types\/page"}],"author":[{"embeddable":true,"href":"https:\/\/champlain-manoir.org\/en\/wp-json\/wp\/v2\/users\/2"}],"replies":[{"embeddable":true,"href":"https:\/\/champlain-manoir.org\/en\/wp-json\/wp\/v2\/comments?post=26394"}],"version-history":[{"count":5,"href":"https:\/\/champlain-manoir.org\/en\/wp-json\/wp\/v2\/pages\/26394\/revisions"}],"predecessor-version":[{"id":27697,"href":"https:\/\/champlain-manoir.org\/en\/wp-json\/wp\/v2\/pages\/26394\/revisions\/27697"}],"wp:attachment":[{"href":"https:\/\/champlain-manoir.org\/en\/wp-json\/wp\/v2\/media?parent=26394"}],"curies":[{"name":"wp","href":"https:\/\/api.w.org\/{rel}","templated":true}]}}